{"id":12,"date":"2019-07-04T18:25:45","date_gmt":"2019-07-04T18:25:45","guid":{"rendered":"https:\/\/www.physio-in-witten.de\/?page_id=12"},"modified":"2020-03-05T08:51:37","modified_gmt":"2020-03-05T08:51:37","slug":"start","status":"publish","type":"page","link":"https:\/\/www.physio-in-witten.de\/","title":{"rendered":"Start"},"content":{"rendered":"<p>[et_pb_section fb_built=&#8220;1&#8243; fullwidth=&#8220;on&#8220; _builder_version=&#8220;3.25.3&#8243;][et_pb_fullwidth_image src=&#8220;https:\/\/www.physio-in-witten.de\/wp-content\/uploads\/2019\/09\/Header_NEU_Start.jpg&#8220; _builder_version=&#8220;3.25.3&#8243;][\/et_pb_fullwidth_image][\/et_pb_section][et_pb_section fb_built=&#8220;1&#8243; _builder_version=&#8220;3.25.3&#8243; background_color=&#8220;#cadb2a&#8220; min_height=&#8220;143px&#8220; custom_margin=&#8220;||3px|||&#8220; custom_padding=&#8220;6px||75px|||&#8220;][et_pb_row _builder_version=&#8220;3.25.3&#8243; min_height=&#8220;95px&#8220; custom_margin=&#8220;|auto|-16px|auto||&#8220; custom_padding=&#8220;||0px|||&#8220;][et_pb_column type=&#8220;4_4&#8243; _builder_version=&#8220;3.25.3&#8243;][et_pb_text _builder_version=&#8220;3.25.3&#8243; text_font=&#8220;|800|||||||&#8220; text_font_size=&#8220;24px&#8220; text_orientation=&#8220;center&#8220; background_layout=&#8220;dark&#8220; min_height=&#8220;55px&#8220; custom_margin=&#8220;||21px|||&#8220; text_text_align=&#8220;center&#8220;]<\/p>\n<p class=\"p1\"><b>Sch\u00f6n, dass Sie zu uns gefunden haben.<br \/> Claudia Deichmann-Hardt und ihr Team hei\u00dfen Sie in der Wittener Praxis f\u00fcr Physiotherapie herzlich willkommen. <\/b><\/p>\n<p>[\/et_pb_text][\/et_pb_column][\/et_pb_row][\/et_pb_section][et_pb_section fb_built=&#8220;1&#8243; _builder_version=&#8220;3.25.3&#8243; custom_padding=&#8220;0px||0px|||&#8220;][et_pb_row _builder_version=&#8220;3.25.3&#8243;][et_pb_column type=&#8220;4_4&#8243; _builder_version=&#8220;3.25.3&#8243;][et_pb_text _builder_version=&#8220;3.27.4&#8243; text_font=&#8220;||||||||&#8220; text_font_size=&#8220;19px&#8220; text_orientation=&#8220;center&#8220; custom_padding=&#8220;0px||26px|||&#8220; text_text_align=&#8220;center&#8220;]<\/p>\n<p style=\"text-align: center;\">Willkommen auf unserer Homepage. Sie finden hier alles Wissenswerte rund um unsere <strong>Praxis f\u00fcr Physiotherapie<\/strong>. Wir w\u00fcrden uns freuen Sie in unseren freundlichen R\u00e4umen\u00a0in der <strong>K\u00f6rnerstra\u00dfe 6 in Witten<\/strong> begr\u00fc\u00dfen zu d\u00fcrfen.<\/p>\n<h3 style=\"text-align: center;\"><strong><em>Claudia Deichmann-Hardt<\/em><\/strong><\/h3>\n<p>[\/et_pb_text][\/et_pb_column][\/et_pb_row][et_pb_row column_structure=&#8220;1_2,1_2&#8243; _builder_version=&#8220;4.3.4&#8243; custom_margin=&#8220;-46px|301px|-25px|auto||&#8220; custom_padding=&#8220;0px|||||&#8220;][et_pb_column type=&#8220;1_2&#8243; _builder_version=&#8220;3.25.3&#8243;][et_pb_image src=&#8220;https:\/\/www.physio-in-witten.de\/wp-content\/uploads\/2019\/09\/Portrait_Claudia_Startseite-1.jpg&#8220; align=&#8220;center&#8220; _builder_version=&#8220;4.3.4&#8243; width=&#8220;74%&#8220; custom_margin=&#8220;-1px||7px|||&#8220; custom_padding=&#8220;||0px|||&#8220; animation_style=&#8220;slide&#8220;][\/et_pb_image][\/et_pb_column][et_pb_column type=&#8220;1_2&#8243; _builder_version=&#8220;3.25.3&#8243;][et_pb_text _builder_version=&#8220;4.3.4&#8243; text_font=&#8220;||||||||&#8220; text_font_size=&#8220;19px&#8220; custom_margin=&#8220;0px|||||&#8220; custom_padding=&#8220;0px|||||&#8220;]<\/p>\n<h3><strong>Immer in Bewegung sein!<\/strong><\/h3>\n<p>Das ist sowohl das Motto, welches wir in den Dienst Ihrer Gesundheit stellen, als auch unser Kredo, um fachlich stets auf aktuellem Stand zu sein.<\/p>\n<p>&nbsp;<\/p>\n<h3>\u00a0<strong>Immer in Bewegung bleiben!<\/strong><\/h3>\n<p>Wir freuen uns, Ihnen unsere langj\u00e4hrige Erfahrung, zusammen mit modernsten Methoden der Physiotherapie zu Gute kommen zu lassen.<\/p>\n<p>[\/et_pb_text][\/et_pb_column][\/et_pb_row][\/et_pb_section][et_pb_section fb_built=&#8220;1&#8243; _builder_version=&#8220;3.25.3&#8243; background_color=&#8220;#661617&#8243; custom_margin=&#8220;24px|||||&#8220; custom_padding=&#8220;52px|||||&#8220;][et_pb_row column_structure=&#8220;1_3,1_3,1_3&#8243; _builder_version=&#8220;3.25.3&#8243;][et_pb_column type=&#8220;1_3&#8243; _builder_version=&#8220;3.25.3&#8243;][et_pb_image src=&#8220;https:\/\/www.physio-in-witten.de\/wp-content\/uploads\/2019\/09\/Icons_Links_WEISS_TEAM.png&#8220; url=&#8220;https:\/\/www.physio-in-witten.de\/index.php\/praxis\/#team&#8220; align=&#8220;center&#8220; _builder_version=&#8220;4.3.4&#8243; width=&#8220;55%&#8220; animation_style=&#8220;fold&#8220;][\/et_pb_image][\/et_pb_column][et_pb_column type=&#8220;1_3&#8243; _builder_version=&#8220;3.25.3&#8243;][et_pb_image src=&#8220;https:\/\/www.physio-in-witten.de\/wp-content\/uploads\/2019\/09\/Icons_Links_WEISS_SERVICE.png&#8220; url=&#8220;https:\/\/www.physio-in-witten.de\/index.php\/service\/&#8220; align=&#8220;center&#8220; _builder_version=&#8220;4.3.4&#8243; width=&#8220;55%&#8220; animation_style=&#8220;fold&#8220;][\/et_pb_image][\/et_pb_column][et_pb_column type=&#8220;1_3&#8243; _builder_version=&#8220;3.25.3&#8243;][et_pb_image src=&#8220;https:\/\/www.physio-in-witten.de\/wp-content\/uploads\/2019\/09\/Icons_Links_WEISS_KONTAKT.png&#8220; url=&#8220;https:\/\/www.physio-in-witten.de\/index.php\/kontakt\/&#8220; align=&#8220;center&#8220; _builder_version=&#8220;4.3.4&#8243; width=&#8220;55%&#8220; animation_style=&#8220;fold&#8220;][\/et_pb_image][\/et_pb_column][\/et_pb_row][\/et_pb_section][et_pb_section fb_built=&#8220;1&#8243; _builder_version=&#8220;3.25.3&#8243; custom_margin=&#8220;15px|||||&#8220; custom_padding=&#8220;10px|||||&#8220; locked=&#8220;off&#8220;][et_pb_row _builder_version=&#8220;3.25.3&#8243; custom_padding=&#8220;0px|||||&#8220;][et_pb_column type=&#8220;4_4&#8243; _builder_version=&#8220;3.25.3&#8243;][et_pb_text _builder_version=&#8220;3.27.4&#8243; text_font=&#8220;||||||||&#8220; text_font_size=&#8220;30px&#8220; header_font=&#8220;||||||||&#8220; text_orientation=&#8220;center&#8220; text_text_align=&#8220;center&#8220;]<\/p>\n<p style=\"text-align: center;\">Schauen Sie sich doch einmal unsere LEISTUNGEN an:<\/p>\n<p>[\/et_pb_text][\/et_pb_column][\/et_pb_row][et_pb_row column_structure=&#8220;1_3,1_3,1_3&#8243; _builder_version=&#8220;3.25.3&#8243; custom_padding=&#8220;2px|||||&#8220;][et_pb_column type=&#8220;1_3&#8243; _builder_version=&#8220;3.25.3&#8243;][et_pb_image src=&#8220;https:\/\/www.physio-in-witten.de\/wp-content\/uploads\/2019\/09\/ICONS_01.jpg&#8220; url=&#8220;https:\/\/www.physio-in-witten.de\/index.php\/praxis\/#physio&#8220; admin_label=&#8220;Icon Leistung 1&#8243; _builder_version=&#8220;3.25.3&#8243;][\/et_pb_image][\/et_pb_column][et_pb_column type=&#8220;1_3&#8243; _builder_version=&#8220;3.25.3&#8243;][et_pb_image src=&#8220;https:\/\/www.physio-in-witten.de\/wp-content\/uploads\/2019\/09\/ICONS_02.jpg&#8220; url=&#8220;https:\/\/www.physio-in-witten.de\/index.php\/praxis\/#heil&#8220; admin_label=&#8220;Icon Leistung 2&#8243; _builder_version=&#8220;3.25.3&#8243;][\/et_pb_image][\/et_pb_column][et_pb_column type=&#8220;1_3&#8243; _builder_version=&#8220;3.25.3&#8243;][et_pb_image src=&#8220;https:\/\/www.physio-in-witten.de\/wp-content\/uploads\/2019\/09\/ICONS_03.jpg&#8220; url=&#8220;https:\/\/www.physio-in-witten.de\/index.php\/praxis\/#schwer&#8220; admin_label=&#8220;Icon Leistung 2&#8243; _builder_version=&#8220;3.25.3&#8243;][\/et_pb_image][\/et_pb_column][\/et_pb_row][\/et_pb_section][et_pb_section fb_built=&#8220;1&#8243; _builder_version=&#8220;4.3.4&#8243; background_color=&#8220;#661617&#8243; custom_padding=&#8220;5px||3px|||&#8220; locked=&#8220;off&#8220;][et_pb_row _builder_version=&#8220;4.3.4&#8243;][et_pb_column type=&#8220;4_4&#8243; _builder_version=&#8220;4.3.4&#8243;][et_pb_text _builder_version=&#8220;4.3.4&#8243; text_font=&#8220;|800|||||||&#8220; text_text_color=&#8220;#ffffff&#8220; text_font_size=&#8220;25px&#8220; text_orientation=&#8220;center&#8220;]<\/p>\n<p>DOWNLOAD PRAXIS-FLYER<\/p>\n<p>[\/et_pb_text][\/et_pb_column][\/et_pb_row][\/et_pb_section][et_pb_section fb_built=&#8220;1&#8243; _builder_version=&#8220;4.3.4&#8243; background_color=&#8220;#cadb2a&#8220; custom_padding=&#8220;||2px|||&#8220; locked=&#8220;off&#8220;][et_pb_row column_structure=&#8220;1_2,1_2&#8243; _builder_version=&#8220;4.3.4&#8243; custom_margin=&#8220;-47px|auto||auto||&#8220;][et_pb_column type=&#8220;1_2&#8243; _builder_version=&#8220;4.3.4&#8243;][et_pb_text _builder_version=&#8220;4.3.4&#8243; text_font=&#8220;|700|||||||&#8220; text_text_color=&#8220;#ffffff&#8220; text_font_size=&#8220;19px&#8220; hover_enabled=&#8220;0&#8243;]<\/p>\n<p>&nbsp;<\/p>\n<p>&nbsp;<\/p>\n<p>Laden Sie sich hier unseren <a href=\"https:\/\/www.physio-in-witten.de\/wp-content\/uploads\/2020\/03\/PfP_Claudia_Deichmann_Hardt_Flyer.pdf\" target=\"_blank\" rel=\"noopener noreferrer\"><strong>Praxis-Flyer als PDF-Dokument<\/strong> <\/a>herunter. Sie finden hier alle Kontaktdaten und alle Leistungen unserer Praxis \u2013 kompakt auf einen Blick.<\/p>\n<p>Kann man auch ganz praktisch mal an Freunde und Verwandte versenden.<\/p>\n<p>[\/et_pb_text][\/et_pb_column][et_pb_column type=&#8220;1_2&#8243; _builder_version=&#8220;4.3.4&#8243;][et_pb_image src=&#8220;https:\/\/www.physio-in-witten.de\/wp-content\/uploads\/2020\/03\/Titel.png&#8220; url=&#8220;https:\/\/www.physio-in-witten.de\/wp-content\/uploads\/2020\/03\/PfP_Claudia_Deichmann_Hardt_Flyer.pdf&#8220; url_new_window=&#8220;on&#8220; admin_label=&#8220;Download&#8220; _builder_version=&#8220;4.3.4&#8243; width=&#8220;58%&#8220; animation_style=&#8220;fold&#8220; hover_enabled=&#8220;0&#8243;][\/et_pb_image][\/et_pb_column][\/et_pb_row][\/et_pb_section][et_pb_section fb_built=&#8220;1&#8243; fullwidth=&#8220;on&#8220; _builder_version=&#8220;4.3.4&#8243; background_color=&#8220;#661617&#8243; custom_margin=&#8220;-33px|||||&#8220;][et_pb_fullwidth_header title=&#8220;Terminvereinbarungen&#8220; _builder_version=&#8220;4.3.4&#8243; title_font=&#8220;|700|||||||&#8220; title_text_align=&#8220;center&#8220; title_text_color=&#8220;#ffffff&#8220; content_font=&#8220;||||||||&#8220; content_text_align=&#8220;center&#8220; content_text_color=&#8220;#ffffff&#8220; subhead_text_color=&#8220;#ffffff&#8220; background_color=&#8220;#661617&#8243; custom_margin=&#8220;26px|||||&#8220; custom_padding=&#8220;2px||14px|||&#8220;]<\/p>\n<h4>Damit es termintechnisch nicht drunter und dr\u00fcber geht, k\u00f6nnen wir\u00a0\u00a0<strong>Terminvereinbarungen und -absagen<\/strong>\u00a0leider\u00a0<strong>nur telefonisch\u00a0<\/strong>entgegennehmen. Wir bitten um Ihr Verst\u00e4ndnis.<\/h4>\n<p>[\/et_pb_fullwidth_header][\/et_pb_section][et_pb_section fb_built=&#8220;1&#8243; fullwidth=&#8220;on&#8220; _builder_version=&#8220;3.25.3&#8243;][et_pb_fullwidth_image src=&#8220;https:\/\/www.physio-in-witten.de\/wp-content\/uploads\/2019\/07\/Telefonnummer-2.jpg&#8220; _builder_version=&#8220;3.25.3&#8243;][\/et_pb_fullwidth_image][\/et_pb_section]<\/p>\n","protected":false},"excerpt":{"rendered":"<p>Sch\u00f6n, dass Sie zu uns gefunden haben. Claudia Deichmann-Hardt und ihr Team hei\u00dfen Sie in der Wittener Praxis f\u00fcr Physiotherapie herzlich willkommen. Willkommen auf unserer Homepage. Sie finden hier alles Wissenswerte rund um unsere Praxis f\u00fcr Physiotherapie. Wir w\u00fcrden uns freuen Sie in unseren freundlichen R\u00e4umen\u00a0in der K\u00f6rnerstra\u00dfe 6 in Witten begr\u00fc\u00dfen zu d\u00fcrfen. Claudia [&hellip;]<\/p>\n","protected":false},"author":1,"featured_media":0,"parent":0,"menu_order":0,"comment_status":"closed","ping_status":"closed","template":"","meta":{"_et_pb_use_builder":"on","_et_pb_old_content":"","_et_gb_content_width":"","footnotes":""},"class_list":["post-12","page","type-page","status-publish","hentry"],"_links":{"self":[{"href":"https:\/\/www.physio-in-witten.de\/index.php\/wp-json\/wp\/v2\/pages\/12","targetHints":{"allow":["GET"]}}],"collection":[{"href":"https:\/\/www.physio-in-witten.de\/index.php\/wp-json\/wp\/v2\/pages"}],"about":[{"href":"https:\/\/www.physio-in-witten.de\/index.php\/wp-json\/wp\/v2\/types\/page"}],"author":[{"embeddable":true,"href":"https:\/\/www.physio-in-witten.de\/index.php\/wp-json\/wp\/v2\/users\/1"}],"replies":[{"embeddable":true,"href":"https:\/\/www.physio-in-witten.de\/index.php\/wp-json\/wp\/v2\/comments?post=12"}],"version-history":[{"count":68,"href":"https:\/\/www.physio-in-witten.de\/index.php\/wp-json\/wp\/v2\/pages\/12\/revisions"}],"predecessor-version":[{"id":521,"href":"https:\/\/www.physio-in-witten.de\/index.php\/wp-json\/wp\/v2\/pages\/12\/revisions\/521"}],"wp:attachment":[{"href":"https:\/\/www.physio-in-witten.de\/index.php\/wp-json\/wp\/v2\/media?parent=12"}],"curies":[{"name":"wp","href":"https:\/\/api.w.org\/{rel}","templated":true}]}}