{"id":18,"date":"2019-07-04T18:29:12","date_gmt":"2019-07-04T18:29:12","guid":{"rendered":"https:\/\/www.physio-in-witten.de\/?page_id=18"},"modified":"2020-03-09T16:20:54","modified_gmt":"2020-03-09T16:20:54","slug":"praxis","status":"publish","type":"page","link":"https:\/\/www.physio-in-witten.de\/index.php\/praxis\/","title":{"rendered":"Praxis &#038; Leistungen"},"content":{"rendered":"<p>[et_pb_section fb_built=&#8220;1&#8243; fullwidth=&#8220;on&#8220; _builder_version=&#8220;3.25.3&#8243; locked=&#8220;off&#8220;][et_pb_fullwidth_image src=&#8220;https:\/\/www.physio-in-witten.de\/wp-content\/uploads\/2019\/09\/Header_NEU_Praxis.jpg&#8220; _builder_version=&#8220;3.25.3&#8243;][\/et_pb_fullwidth_image][\/et_pb_section][et_pb_section fb_built=&#8220;1&#8243; module_id=&#8220;team&#8220; _builder_version=&#8220;3.25.3&#8243; background_color=&#8220;#cadb2a&#8220; min_height=&#8220;143px&#8220; custom_padding=&#8220;6px||5px|||&#8220; locked=&#8220;off&#8220;][et_pb_row _builder_version=&#8220;3.25.3&#8243; custom_margin=&#8220;|auto|-16px|auto||&#8220;][et_pb_column type=&#8220;4_4&#8243; _builder_version=&#8220;3.25.3&#8243;][et_pb_text _builder_version=&#8220;3.25.3&#8243; text_font=&#8220;|800|||||||&#8220; text_font_size=&#8220;24px&#8220; text_orientation=&#8220;center&#8220; background_layout=&#8220;dark&#8220; text_text_align=&#8220;center&#8220;]<\/p>\n<p class=\"et_pb_module_header\" style=\"text-align: center;\">Unser kompetentes <em>TEAM<\/em> freut sich auf Ihren Besuch.<\/p>\n<p>[\/et_pb_text][\/et_pb_column][\/et_pb_row][\/et_pb_section][et_pb_section fb_built=&#8220;1&#8243; _builder_version=&#8220;3.25.3&#8243; min_height=&#8220;569px&#8220; custom_margin=&#8220;-15px|||||&#8220; custom_padding=&#8220;22px||3px|||&#8220;][et_pb_row column_structure=&#8220;1_3,1_3,1_3&#8243; _builder_version=&#8220;3.25.3&#8243; custom_margin=&#8220;16px|auto||auto||&#8220;][et_pb_column type=&#8220;1_3&#8243; _builder_version=&#8220;3.25.3&#8243;][et_pb_team_member name=&#8220;Claudia Deichmann-Hardt&#8220; image_url=&#8220;https:\/\/www.physio-in-witten.de\/wp-content\/uploads\/2019\/09\/Portrait_Claudia_neu.jpg&#8220; _builder_version=&#8220;3.25.3&#8243; header_font=&#8220;|700|||||||&#8220; header_text_align=&#8220;center&#8220;][\/et_pb_team_member][\/et_pb_column][et_pb_column type=&#8220;1_3&#8243; _builder_version=&#8220;3.25.3&#8243;][et_pb_team_member name=&#8220;Christel Beneken&#8220; image_url=&#8220;https:\/\/www.physio-in-witten.de\/wp-content\/uploads\/2019\/09\/Portrait_Christel_neu.jpg&#8220; _builder_version=&#8220;3.25.3&#8243; header_font=&#8220;|700|||||||&#8220; header_text_align=&#8220;center&#8220;][\/et_pb_team_member][\/et_pb_column][et_pb_column type=&#8220;1_3&#8243; _builder_version=&#8220;3.25.3&#8243;][et_pb_team_member name=&#8220;Melina Gregori&#8220; image_url=&#8220;https:\/\/www.physio-in-witten.de\/wp-content\/uploads\/2019\/09\/Portrait_melina.png&#8220; _builder_version=&#8220;3.25.3&#8243; header_font=&#8220;|700|||||||&#8220; header_text_align=&#8220;center&#8220;][\/et_pb_team_member][\/et_pb_column][\/et_pb_row][\/et_pb_section][et_pb_section fb_built=&#8220;1&#8243; module_id=&#8220;leistungen&#8220; _builder_version=&#8220;3.25.3&#8243; background_color=&#8220;#cadb2a&#8220; min_height=&#8220;151px&#8220; custom_margin=&#8220;||37px|||&#8220; custom_padding=&#8220;6px||7px|||&#8220; locked=&#8220;off&#8220;][et_pb_row _builder_version=&#8220;3.25.3&#8243; custom_margin=&#8220;11px|auto|-20px|auto||&#8220;][et_pb_column type=&#8220;4_4&#8243; _builder_version=&#8220;3.25.3&#8243;][et_pb_text _builder_version=&#8220;3.25.3&#8243; text_font=&#8220;|800|||||||&#8220; text_font_size=&#8220;24px&#8220; text_orientation=&#8220;center&#8220; background_layout=&#8220;dark&#8220; text_text_align=&#8220;center&#8220;]<\/p>\n<p class=\"et_pb_module_header\" style=\"text-align: center;\">Sehen Sie hier, welche <em>LEISTUNGEN<\/em> wir Ihnen in unserer Praxis anbieten.<\/p>\n<p>[\/et_pb_text][\/et_pb_column][\/et_pb_row][\/et_pb_section][et_pb_section fb_built=&#8220;1&#8243; _builder_version=&#8220;3.25.3&#8243; custom_margin=&#8220;15px|||||&#8220;][et_pb_row column_structure=&#8220;1_3,1_3,1_3&#8243; _builder_version=&#8220;3.25.3&#8243; custom_padding=&#8220;2px|||||&#8220;][et_pb_column type=&#8220;1_3&#8243; _builder_version=&#8220;3.25.3&#8243;][et_pb_image src=&#8220;https:\/\/www.physio-in-witten.de\/wp-content\/uploads\/2019\/09\/ICONS_01.jpg&#8220; url=&#8220;#physio&#8220; admin_label=&#8220;Icon Leistung 1&#8243; _builder_version=&#8220;3.25.3&#8243;][\/et_pb_image][\/et_pb_column][et_pb_column type=&#8220;1_3&#8243; _builder_version=&#8220;3.25.3&#8243;][et_pb_image src=&#8220;https:\/\/www.physio-in-witten.de\/wp-content\/uploads\/2019\/09\/ICONS_02.jpg&#8220; url=&#8220;#heil&#8220; admin_label=&#8220;Icon Leistung 2&#8243; _builder_version=&#8220;3.25.3&#8243;][\/et_pb_image][\/et_pb_column][et_pb_column type=&#8220;1_3&#8243; _builder_version=&#8220;3.25.3&#8243;][et_pb_image src=&#8220;https:\/\/www.physio-in-witten.de\/wp-content\/uploads\/2019\/09\/ICONS_03.jpg&#8220; url=&#8220;#schwer&#8220; admin_label=&#8220;Icon Leistung 2&#8243; _builder_version=&#8220;3.25.3&#8243;][\/et_pb_image][\/et_pb_column][\/et_pb_row][\/et_pb_section][et_pb_section fb_built=&#8220;1&#8243; fullwidth=&#8220;on&#8220; module_id=&#8220;physio&#8220; _builder_version=&#8220;3.25.3&#8243;][et_pb_fullwidth_image src=&#8220;https:\/\/www.physio-in-witten.de\/wp-content\/uploads\/2019\/09\/Header_leistungen_1.jpg&#8220; module_id=&#8220;physio&#8220; _builder_version=&#8220;3.25.3&#8243;][\/et_pb_fullwidth_image][\/et_pb_section][et_pb_section fb_built=&#8220;1&#8243; _builder_version=&#8220;3.25.3&#8243;][et_pb_row _builder_version=&#8220;3.25.3&#8243;][et_pb_column type=&#8220;4_4&#8243; _builder_version=&#8220;3.25.3&#8243;][et_pb_text _builder_version=&#8220;3.27.4&#8243; text_font=&#8220;|700|||||||&#8220; text_font_size=&#8220;25px&#8220; min_height=&#8220;26px&#8220; custom_margin=&#8220;||15px|||&#8220;]<\/p>\n<p style=\"text-align: center;\">Krankengymnastik<\/p>\n<p>[\/et_pb_text][et_pb_text _builder_version=&#8220;3.27.4&#8243; text_font=&#8220;|700|||||||&#8220; text_text_color=&#8220;#ffffff&#8220; text_font_size=&#8220;25px&#8220; background_color=&#8220;#cadb2a&#8220; text_orientation=&#8220;center&#8220; width=&#8220;100%&#8220; min_height=&#8220;55px&#8220; custom_padding=&#8220;12px||12px|||&#8220; text_text_align=&#8220;center&#8220;]<\/p>\n<p style=\"text-align: center;\">Manuelle Therapie<\/p>\n<p>[\/et_pb_text][et_pb_text _builder_version=&#8220;3.27.4&#8243; text_font=&#8220;|700|||||||&#8220; text_font_size=&#8220;25px&#8220; min_height=&#8220;26px&#8220; custom_margin=&#8220;-15px||15px|||&#8220; custom_padding=&#8220;12px||12px&#8220;]<\/p>\n<p style=\"text-align: center;\">Bobath f\u00fcr Kinder und Erwachsene<\/p>\n<p>[\/et_pb_text][et_pb_text _builder_version=&#8220;4.4.0&#8243; text_font=&#8220;|700|||||||&#8220; text_text_color=&#8220;#ffffff&#8220; text_font_size=&#8220;25px&#8220; background_color=&#8220;#cadb2a&#8220; text_orientation=&#8220;center&#8220; width=&#8220;100%&#8220; min_height=&#8220;55px&#8220; custom_padding=&#8220;12px||12px|||&#8220; hover_enabled=&#8220;0&#8243; text_text_align=&#8220;center&#8220;]<\/p>\n<p style=\"text-align: center;\">Individuell auf den Patienten abgestimmte Beckenboden \/ R\u00fcckbildungstherapie<\/p>\n<p>[\/et_pb_text][et_pb_text _builder_version=&#8220;3.27.4&#8243; text_font=&#8220;|700|||||||&#8220; text_font_size=&#8220;25px&#8220; min_height=&#8220;26px&#8220; custom_margin=&#8220;-15px||15px|||&#8220; custom_padding=&#8220;12px||12px&#8220;]<\/p>\n<p style=\"text-align: center;\">Funktionelle Bewegungslehre<\/p>\n<p>[\/et_pb_text][et_pb_text _builder_version=&#8220;3.27.4&#8243; text_font=&#8220;|700|||||||&#8220; text_text_color=&#8220;#ffffff&#8220; text_font_size=&#8220;25px&#8220; background_color=&#8220;#cadb2a&#8220; text_orientation=&#8220;center&#8220; width=&#8220;100%&#8220; min_height=&#8220;55px&#8220; custom_padding=&#8220;12px||12px|||&#8220; text_text_align=&#8220;center&#8220;]<\/p>\n<p style=\"text-align: center;\">Rehasport<\/p>\n<p>[\/et_pb_text][et_pb_text _builder_version=&#8220;4.4.0&#8243; text_font=&#8220;|700|||||||&#8220; text_font_size=&#8220;25px&#8220; min_height=&#8220;26px&#8220; custom_margin=&#8220;-15px||15px|||&#8220; custom_padding=&#8220;12px||12px&#8220; hover_enabled=&#8220;0&#8243;]<\/p>\n<p style=\"text-align: center;\">Wirbels\u00e4ulen \/ Skoliosetherapie<\/p>\n<p>[\/et_pb_text][et_pb_text _builder_version=&#8220;3.27.4&#8243; text_font=&#8220;|700|||||||&#8220; text_text_color=&#8220;#ffffff&#8220; text_font_size=&#8220;25px&#8220; background_color=&#8220;#cadb2a&#8220; text_orientation=&#8220;center&#8220; width=&#8220;100%&#8220; min_height=&#8220;55px&#8220; custom_padding=&#8220;12px||12px|||&#8220; text_text_align=&#8220;center&#8220;]<\/p>\n<p style=\"text-align: center;\">Kiefergelenktherapie<\/p>\n<p>[\/et_pb_text][et_pb_text _builder_version=&#8220;3.27.4&#8243; text_font=&#8220;|700|||||||&#8220; text_font_size=&#8220;25px&#8220; min_height=&#8220;26px&#8220; custom_margin=&#8220;-15px||15px|||&#8220; custom_padding=&#8220;12px||12px&#8220;]<\/p>\n<p style=\"text-align: center;\">Kinesiotape<\/p>\n<p>[\/et_pb_text][et_pb_text _builder_version=&#8220;3.27.4&#8243; text_font=&#8220;|700|||||||&#8220; text_text_color=&#8220;#ffffff&#8220; text_font_size=&#8220;25px&#8220; background_color=&#8220;#cadb2a&#8220; text_orientation=&#8220;center&#8220; width=&#8220;100%&#8220; min_height=&#8220;55px&#8220; custom_padding=&#8220;12px||12px|||&#8220; text_text_align=&#8220;center&#8220;]<\/p>\n<p style=\"text-align: center;\">Elektrotherapie<\/p>\n<p>[\/et_pb_text][et_pb_text _builder_version=&#8220;3.27.4&#8243; text_font=&#8220;|700|||||||&#8220; text_font_size=&#8220;25px&#8220; min_height=&#8220;26px&#8220; custom_margin=&#8220;-15px||15px|||&#8220; custom_padding=&#8220;12px||12px&#8220;]<\/p>\n<p style=\"text-align: center;\">Ultraschall<\/p>\n<p>[\/et_pb_text][et_pb_text _builder_version=&#8220;3.27.4&#8243; text_font=&#8220;|700|||||||&#8220; text_text_color=&#8220;#ffffff&#8220; text_font_size=&#8220;25px&#8220; background_color=&#8220;#cadb2a&#8220; text_orientation=&#8220;center&#8220; width=&#8220;100%&#8220; min_height=&#8220;55px&#8220; custom_padding=&#8220;12px||12px|||&#8220; text_text_align=&#8220;center&#8220;]<\/p>\n<p style=\"text-align: center;\"><span>Manuelle Medizin P\u00e4diatrie- Schreikinder<\/span><\/p>\n<p>[\/et_pb_text][et_pb_text _builder_version=&#8220;3.27.4&#8243; text_font=&#8220;|700|||||||&#8220; text_font_size=&#8220;25px&#8220; min_height=&#8220;26px&#8220; custom_margin=&#8220;-15px||15px|||&#8220; custom_padding=&#8220;12px||12px&#8220;]<\/p>\n<p style=\"text-align: center;\"><span>Manuelle Medizin in der zweiten Lebensh\u00e4lfte<\/span><\/p>\n<p>[\/et_pb_text][et_pb_text _builder_version=&#8220;3.27.4&#8243; text_font=&#8220;|700|||||||&#8220; text_text_color=&#8220;#ffffff&#8220; text_font_size=&#8220;25px&#8220; background_color=&#8220;#cadb2a&#8220; text_orientation=&#8220;center&#8220; width=&#8220;100%&#8220; min_height=&#8220;55px&#8220; custom_padding=&#8220;12px||12px|||&#8220; text_text_align=&#8220;center&#8220;]<\/p>\n<p style=\"text-align: center;\"><span>Fortbildung Orofaziale Schmerzen &#8211; Kiefer<\/span><\/p>\n<p>[\/et_pb_text][et_pb_text _builder_version=&#8220;3.27.4&#8243; text_font=&#8220;|700|||||||&#8220; text_font_size=&#8220;25px&#8220; min_height=&#8220;26px&#8220; custom_margin=&#8220;-15px||15px|||&#8220; custom_padding=&#8220;12px||12px&#8220;]<\/p>\n<p style=\"text-align: center;\"><span>Fortbildung CMD<\/span><\/p>\n<p>[\/et_pb_text][et_pb_text _builder_version=&#8220;4.3.4&#8243; text_font=&#8220;|700|||||||&#8220; text_text_color=&#8220;#ffffff&#8220; text_font_size=&#8220;25px&#8220; background_color=&#8220;#cadb2a&#8220; text_orientation=&#8220;center&#8220; width=&#8220;100%&#8220; min_height=&#8220;55px&#8220; custom_padding=&#8220;12px||12px|||&#8220; text_text_align=&#8220;center&#8220;]<\/p>\n<p style=\"text-align: center;\"><span>Lymphdrainage<\/span><\/p>\n<p>[\/et_pb_text][\/et_pb_column][\/et_pb_row][\/et_pb_section][et_pb_section fb_built=&#8220;1&#8243; fullwidth=&#8220;on&#8220; module_id=&#8220;heil&#8220; _builder_version=&#8220;3.25.3&#8243; locked=&#8220;off&#8220;][et_pb_fullwidth_image src=&#8220;https:\/\/www.physio-in-witten.de\/wp-content\/uploads\/2019\/09\/Header_leistungen_2.jpg&#8220; _builder_version=&#8220;3.25.3&#8243; custom_padding=&#8220;|0px||||&#8220;][\/et_pb_fullwidth_image][\/et_pb_section][et_pb_section fb_built=&#8220;1&#8243; _builder_version=&#8220;3.25.3&#8243; locked=&#8220;off&#8220;][et_pb_row _builder_version=&#8220;3.25.3&#8243;][et_pb_column type=&#8220;4_4&#8243; _builder_version=&#8220;3.25.3&#8243;][et_pb_text _builder_version=&#8220;3.27.4&#8243; text_font=&#8220;||||||||&#8220; text_text_color=&#8220;#661617&#8243; text_font_size=&#8220;24px&#8220; text_orientation=&#8220;center&#8220; custom_margin=&#8220;-33px|||||&#8220; text_text_align=&#8220;center&#8220;]<\/p>\n<p><em>&#8222;K\u00fcmmere Dich um Deinen K\u00f6rper,<br \/> er ist der einzige Ort, den Du zum Leben hast.&#8220;<\/em><\/p>\n<p>[\/et_pb_text][\/et_pb_column][\/et_pb_row][et_pb_row _builder_version=&#8220;3.25.3&#8243;][et_pb_column type=&#8220;4_4&#8243; _builder_version=&#8220;3.25.3&#8243;][et_pb_text _builder_version=&#8220;3.27.4&#8243; text_font=&#8220;|700|||||||&#8220; text_font_size=&#8220;25px&#8220; min_height=&#8220;26px&#8220; custom_margin=&#8220;||15px|||&#8220; custom_padding=&#8220;12px||12px&#8220;]<\/p>\n<p style=\"text-align: center;\">Angewandte Kinesiologie insbesondere Behandlung von Lernblokaden<\/p>\n<p>[\/et_pb_text][et_pb_text _builder_version=&#8220;3.27.4&#8243; text_font=&#8220;|700|||||||&#8220; text_text_color=&#8220;#ffffff&#8220; text_font_size=&#8220;25px&#8220; background_color=&#8220;#cadb2a&#8220; text_orientation=&#8220;center&#8220; width=&#8220;100%&#8220; min_height=&#8220;55px&#8220; custom_padding=&#8220;12px||12px|||&#8220; text_text_align=&#8220;center&#8220;]<\/p>\n<p style=\"text-align: center;\">Hypnosetechniken<\/p>\n<p>[\/et_pb_text][et_pb_text _builder_version=&#8220;3.27.4&#8243; text_font=&#8220;|700|||||||&#8220; text_font_size=&#8220;25px&#8220; min_height=&#8220;26px&#8220; custom_margin=&#8220;-15px||15px|||&#8220;]<\/p>\n<p style=\"text-align: center;\">Klangschalentherapie<\/p>\n<p>[\/et_pb_text][et_pb_text _builder_version=&#8220;3.27.4&#8243; text_font=&#8220;|700|||||||&#8220; text_text_color=&#8220;#ffffff&#8220; text_font_size=&#8220;25px&#8220; background_color=&#8220;#cadb2a&#8220; text_orientation=&#8220;center&#8220; width=&#8220;100%&#8220; min_height=&#8220;55px&#8220; custom_padding=&#8220;12px||12px|||&#8220; text_text_align=&#8220;center&#8220;]<\/p>\n<p style=\"text-align: center;\">Dorntherapie bei Kindern und S\u00e4uglingen<\/p>\n<p>[\/et_pb_text][et_pb_text _builder_version=&#8220;3.27.4&#8243; text_font=&#8220;|700|||||||&#8220; text_font_size=&#8220;25px&#8220; min_height=&#8220;26px&#8220; custom_margin=&#8220;-15px||15px|||&#8220;]<\/p>\n<p style=\"text-align: center;\">Dorntherapie bei Erwachsenen<\/p>\n<p>[\/et_pb_text][et_pb_text _builder_version=&#8220;3.27.4&#8243; text_font=&#8220;|700|||||||&#8220; text_text_color=&#8220;#ffffff&#8220; text_font_size=&#8220;25px&#8220; background_color=&#8220;#cadb2a&#8220; text_orientation=&#8220;center&#8220; width=&#8220;100%&#8220; min_height=&#8220;55px&#8220; custom_padding=&#8220;12px||12px|||&#8220; text_text_align=&#8220;center&#8220;]<\/p>\n<p style=\"text-align: center;\">Mykotrophtherapie<\/p>\n<p>[\/et_pb_text][et_pb_text _builder_version=&#8220;4.4.0&#8243; text_font=&#8220;|700|||||||&#8220; text_font_size=&#8220;25px&#8220; min_height=&#8220;26px&#8220; custom_margin=&#8220;-15px||15px|||&#8220; custom_padding=&#8220;12px||12px&#8220; hover_enabled=&#8220;0&#8243;]<\/p>\n<p style=\"text-align: center;\"><span>Ausbildung Kinesiologie \/ Psychokinesiologie<\/span><\/p>\n<p>[\/et_pb_text][et_pb_text _builder_version=&#8220;3.27.4&#8243; text_font=&#8220;|700|||||||&#8220; text_text_color=&#8220;#ffffff&#8220; text_font_size=&#8220;25px&#8220; background_color=&#8220;#cadb2a&#8220; text_orientation=&#8220;center&#8220; width=&#8220;100%&#8220; min_height=&#8220;55px&#8220; custom_padding=&#8220;12px||12px|||&#8220; text_text_align=&#8220;center&#8220;]<\/p>\n<p style=\"text-align: center;\"><span>Osteopathische Techniken Craniosacrale<\/span><\/p>\n<p>[\/et_pb_text][et_pb_text _builder_version=&#8220;3.27.4&#8243; text_font=&#8220;|700|||||||&#8220; text_font_size=&#8220;25px&#8220; min_height=&#8220;26px&#8220; custom_margin=&#8220;-15px||15px|||&#8220; custom_padding=&#8220;12px||12px&#8220;]<\/p>\n<p style=\"text-align: center;\"><span>Akupressurtechniken<\/span><\/p>\n<p>[\/et_pb_text][et_pb_text _builder_version=&#8220;3.27.4&#8243; text_font=&#8220;|700|||||||&#8220; text_text_color=&#8220;#ffffff&#8220; text_font_size=&#8220;25px&#8220; background_color=&#8220;#cadb2a&#8220; text_orientation=&#8220;center&#8220; width=&#8220;100%&#8220; min_height=&#8220;55px&#8220; custom_padding=&#8220;12px||12px|||&#8220; text_text_align=&#8220;center&#8220;]<\/p>\n<p style=\"text-align: center;\"><span>Osteopathische Techniken HWS- Kiefergelenke<\/span><\/p>\n<p>[\/et_pb_text][et_pb_text _builder_version=&#8220;3.27.4&#8243; text_font=&#8220;|700|||||||&#8220; text_font_size=&#8220;25px&#8220; min_height=&#8220;26px&#8220; custom_margin=&#8220;-15px||15px|||&#8220; custom_padding=&#8220;12px||12px&#8220;]<\/p>\n<p style=\"text-align: center;\"><span>Basisausbildung TCM<\/span><\/p>\n<p>[\/et_pb_text][et_pb_text _builder_version=&#8220;3.27.4&#8243; text_font=&#8220;|700|||||||&#8220; text_text_color=&#8220;#ffffff&#8220; text_font_size=&#8220;25px&#8220; background_color=&#8220;#cadb2a&#8220; text_orientation=&#8220;center&#8220; width=&#8220;100%&#8220; min_height=&#8220;55px&#8220; custom_padding=&#8220;12px||12px|||&#8220; text_text_align=&#8220;center&#8220;]<\/p>\n<p style=\"text-align: center;\"><span>Vitalstoffanalyse mit ganzheitlichem Therapieansatz<\/span><\/p>\n<p>[\/et_pb_text][et_pb_text _builder_version=&#8220;3.27.4&#8243; text_font=&#8220;|700|||||||&#8220; text_font_size=&#8220;25px&#8220; min_height=&#8220;26px&#8220; custom_margin=&#8220;-15px||15px|||&#8220; custom_padding=&#8220;12px||12px&#8220;]<\/p>\n<p style=\"text-align: center;\"><span>Laserakupunktur<\/span><\/p>\n<p>[\/et_pb_text][\/et_pb_column][\/et_pb_row][\/et_pb_section][et_pb_section fb_built=&#8220;1&#8243; fullwidth=&#8220;on&#8220; module_id=&#8220;schwer&#8220; _builder_version=&#8220;3.25.3&#8243; locked=&#8220;off&#8220;][et_pb_fullwidth_image src=&#8220;https:\/\/www.physio-in-witten.de\/wp-content\/uploads\/2019\/09\/Header_leistungen_3.jpg&#8220; _builder_version=&#8220;3.25.3&#8243;][\/et_pb_fullwidth_image][\/et_pb_section][et_pb_section fb_built=&#8220;1&#8243; _builder_version=&#8220;3.25.3&#8243; locked=&#8220;off&#8220;][et_pb_row _builder_version=&#8220;3.25.3&#8243;][et_pb_column type=&#8220;4_4&#8243; _builder_version=&#8220;3.25.3&#8243;][et_pb_text _builder_version=&#8220;3.27.4&#8243; text_font=&#8220;|700|||||||&#8220; text_font_size=&#8220;25px&#8220; min_height=&#8220;26px&#8220; custom_margin=&#8220;-15px||15px|||&#8220; custom_padding=&#8220;12px||12px&#8220;]<\/p>\n<p style=\"text-align: center;\">Langj\u00e4hrige Erfahrung in der Behandlung von Kindern mit RETT-SYNDROM<\/p>\n<p>[\/et_pb_text][et_pb_text _builder_version=&#8220;4.4.0&#8243; text_font=&#8220;|700|||||||&#8220; text_text_color=&#8220;#ffffff&#8220; text_font_size=&#8220;25px&#8220; background_color=&#8220;#cadb2a&#8220; text_orientation=&#8220;center&#8220; width=&#8220;100%&#8220; min_height=&#8220;79px&#8220; custom_margin=&#8220;||12px|||&#8220; custom_padding=&#8220;12px||12px|||&#8220; hover_enabled=&#8220;0&#8243; text_text_align=&#8220;center&#8220;]<\/p>\n<p>Erhebung eines neurologisch \/ motorischem Entwicklungsstatus sowie Behandlungskonzept individuell f\u00fcr Kinder (vom S\u00e4ugling bis zum Grundsch\u00fcler)<\/p>\n<p>[\/et_pb_text][\/et_pb_column][\/et_pb_row][\/et_pb_section]<\/p>\n","protected":false},"excerpt":{"rendered":"<p>Unser kompetentes TEAM freut sich auf Ihren Besuch.Sehen Sie hier, welche LEISTUNGEN wir Ihnen in unserer Praxis anbieten.KrankengymnastikManuelle TherapieBobath f\u00fcr Kinder und ErwachseneIndividuell auf den Patienten abgestimmte Beckenboden \/ R\u00fcckbildungstherapieFunktionelle BewegungslehreRehasportWirbels\u00e4ulen \/ SkoliosetherapieKiefergelenktherapieKinesiotapeElektrotherapieUltraschallManuelle Medizin P\u00e4diatrie- SchreikinderManuelle Medizin in der zweiten Lebensh\u00e4lfteFortbildung Orofaziale Schmerzen &#8211; KieferFortbildung CMDLymphdrainage&#8220;K\u00fcmmere Dich um Deinen K\u00f6rper, er ist der einzige Ort, [&hellip;]<\/p>\n","protected":false},"author":1,"featured_media":0,"parent":0,"menu_order":0,"comment_status":"closed","ping_status":"closed","template":"","meta":{"_et_pb_use_builder":"on","_et_pb_old_content":"","_et_gb_content_width":"","footnotes":""},"class_list":["post-18","page","type-page","status-publish","hentry"],"_links":{"self":[{"href":"https:\/\/www.physio-in-witten.de\/index.php\/wp-json\/wp\/v2\/pages\/18","targetHints":{"allow":["GET"]}}],"collection":[{"href":"https:\/\/www.physio-in-witten.de\/index.php\/wp-json\/wp\/v2\/pages"}],"about":[{"href":"https:\/\/www.physio-in-witten.de\/index.php\/wp-json\/wp\/v2\/types\/page"}],"author":[{"embeddable":true,"href":"https:\/\/www.physio-in-witten.de\/index.php\/wp-json\/wp\/v2\/users\/1"}],"replies":[{"embeddable":true,"href":"https:\/\/www.physio-in-witten.de\/index.php\/wp-json\/wp\/v2\/comments?post=18"}],"version-history":[{"count":91,"href":"https:\/\/www.physio-in-witten.de\/index.php\/wp-json\/wp\/v2\/pages\/18\/revisions"}],"predecessor-version":[{"id":533,"href":"https:\/\/www.physio-in-witten.de\/index.php\/wp-json\/wp\/v2\/pages\/18\/revisions\/533"}],"wp:attachment":[{"href":"https:\/\/www.physio-in-witten.de\/index.php\/wp-json\/wp\/v2\/media?parent=18"}],"curies":[{"name":"wp","href":"https:\/\/api.w.org\/{rel}","templated":true}]}}