{"id":24,"date":"2019-07-04T18:30:00","date_gmt":"2019-07-04T18:30:00","guid":{"rendered":"https:\/\/www.physio-in-witten.de\/?page_id=24"},"modified":"2020-03-05T08:52:29","modified_gmt":"2020-03-05T08:52:29","slug":"service","status":"publish","type":"page","link":"https:\/\/www.physio-in-witten.de\/index.php\/service\/","title":{"rendered":"Service"},"content":{"rendered":"<p>[et_pb_section fb_built=&#8220;1&#8243; fullwidth=&#8220;on&#8220; _builder_version=&#8220;3.25.3&#8243; locked=&#8220;off&#8220;][et_pb_fullwidth_image src=&#8220;https:\/\/www.physio-in-witten.de\/wp-content\/uploads\/2019\/09\/Header_NEU_Service.jpg&#8220; _builder_version=&#8220;3.25.3&#8243;][\/et_pb_fullwidth_image][\/et_pb_section][et_pb_section fb_built=&#8220;1&#8243; _builder_version=&#8220;4.3.4&#8243; background_color=&#8220;#661617&#8243; custom_padding=&#8220;5px||3px|||&#8220;][et_pb_row _builder_version=&#8220;4.3.4&#8243;][et_pb_column type=&#8220;4_4&#8243; _builder_version=&#8220;4.3.4&#8243;][et_pb_text _builder_version=&#8220;4.3.4&#8243; text_font=&#8220;|800|||||||&#8220; text_text_color=&#8220;#ffffff&#8220; text_font_size=&#8220;25px&#8220; text_orientation=&#8220;center&#8220;]<\/p>\n<p>DOWNLOAD PRAXIS-FLYER<\/p>\n<p>[\/et_pb_text][\/et_pb_column][\/et_pb_row][\/et_pb_section][et_pb_section fb_built=&#8220;1&#8243; _builder_version=&#8220;4.3.4&#8243; background_color=&#8220;#cadb2a&#8220; custom_padding=&#8220;||2px|||&#8220;][et_pb_row column_structure=&#8220;1_2,1_2&#8243; _builder_version=&#8220;4.3.4&#8243; custom_margin=&#8220;-47px|auto||auto||&#8220;][et_pb_column type=&#8220;1_2&#8243; _builder_version=&#8220;4.3.4&#8243;][et_pb_text _builder_version=&#8220;4.3.4&#8243; text_font=&#8220;|700|||||||&#8220; text_text_color=&#8220;#ffffff&#8220; text_font_size=&#8220;19px&#8220; hover_enabled=&#8220;0&#8243;]<\/p>\n<p>&nbsp;<\/p>\n<p>&nbsp;<\/p>\n<p>Laden Sie sich hier unseren <a href=\"https:\/\/www.physio-in-witten.de\/wp-content\/uploads\/2020\/03\/PfP_Claudia_Deichmann_Hardt_Flyer.pdf\" target=\"_blank\" rel=\"noopener noreferrer\"><strong>Praxis-Flyer als PDF-Dokument<\/strong> <\/a>herunter. Sie finden hier alle Kontaktdaten und alle Leistungen unserer Praxis \u2013 kompakt auf einen Blick.<\/p>\n<p>Kann man auch ganz praktisch mal an Freunde und Verwandte versenden.<\/p>\n<p>[\/et_pb_text][\/et_pb_column][et_pb_column type=&#8220;1_2&#8243; _builder_version=&#8220;4.3.4&#8243;][et_pb_image src=&#8220;https:\/\/www.physio-in-witten.de\/wp-content\/uploads\/2020\/03\/Titel.png&#8220; url=&#8220;https:\/\/www.physio-in-witten.de\/wp-content\/uploads\/2020\/03\/PfP_Claudia_Deichmann_Hardt_Flyer.pdf&#8220; url_new_window=&#8220;on&#8220; admin_label=&#8220;Download&#8220; _builder_version=&#8220;4.3.4&#8243; width=&#8220;58%&#8220; animation_style=&#8220;fold&#8220; hover_enabled=&#8220;0&#8243;][\/et_pb_image][\/et_pb_column][\/et_pb_row][\/et_pb_section][et_pb_section fb_built=&#8220;1&#8243; _builder_version=&#8220;3.25.3&#8243; custom_padding=&#8220;24px||0px|||&#8220; locked=&#8220;off&#8220;][et_pb_row column_structure=&#8220;1_2,1_2&#8243; _builder_version=&#8220;3.25.3&#8243; custom_margin=&#8220;|auto|-25px|auto||&#8220; custom_padding=&#8220;0px|||||&#8220;][et_pb_column type=&#8220;1_2&#8243; _builder_version=&#8220;3.25.3&#8243;][et_pb_text _builder_version=&#8220;3.27.4&#8243; text_font=&#8220;||||||||&#8220; text_text_color=&#8220;#000000&#8243; text_font_size=&#8220;19px&#8220; custom_margin=&#8220;0px|||||&#8220; custom_padding=&#8220;40px|||||&#8220;]<\/p>\n<h2><strong>Patienteninformationen des IFK<\/strong><\/h2>\n<p><b>Hier finden Sie weiterf\u00fchrende Informationen des Bundesverbandes selbstst\u00e4ndiger Physiotherapeuten f\u00fcr Patienten.<\/b><\/p>\n<p>[\/et_pb_text][\/et_pb_column][et_pb_column type=&#8220;1_2&#8243; _builder_version=&#8220;3.25.3&#8243;][et_pb_image src=&#8220;https:\/\/www.physio-in-witten.de\/wp-content\/uploads\/2019\/09\/ifk-logo.png&#8220; url=&#8220;https:\/\/ifk.de\/verband\/aktuell\/&#8220; url_new_window=&#8220;on&#8220; align=&#8220;center&#8220; _builder_version=&#8220;3.25.3&#8243; custom_margin=&#8220;-1px||7px|||&#8220; custom_padding=&#8220;53px||0px|||&#8220;][\/et_pb_image][\/et_pb_column][\/et_pb_row][et_pb_row _builder_version=&#8220;3.25.3&#8243;][et_pb_column type=&#8220;4_4&#8243; _builder_version=&#8220;3.25.3&#8243;][et_pb_divider _builder_version=&#8220;3.25.3&#8243; min_height=&#8220;19px&#8220; custom_margin=&#8220;35px||40px|||&#8220; custom_padding=&#8220;||28px|||&#8220;][\/et_pb_divider][\/et_pb_column][\/et_pb_row][\/et_pb_section][et_pb_section fb_built=&#8220;1&#8243; _builder_version=&#8220;3.25.3&#8243; custom_margin=&#8220;-62px|||||&#8220; custom_padding=&#8220;0px||0px|||&#8220; locked=&#8220;off&#8220;][et_pb_row column_structure=&#8220;1_2,1_2&#8243; _builder_version=&#8220;3.25.3&#8243; custom_margin=&#8220;|auto|-25px|auto||&#8220; custom_padding=&#8220;0px|||||&#8220;][et_pb_column type=&#8220;1_2&#8243; _builder_version=&#8220;3.25.3&#8243;][et_pb_text _builder_version=&#8220;3.27.4&#8243; text_font=&#8220;||||||||&#8220; text_text_color=&#8220;#000000&#8243; text_font_size=&#8220;19px&#8220; custom_margin=&#8220;0px|||||&#8220; custom_padding=&#8220;40px|||||&#8220;]<\/p>\n<h2><strong>Privatpreise<\/strong><\/h2>\n<p><b>Hier finden Sie weiterf\u00fchrende Informationen des Bundesverbandes selbstst\u00e4ndiger Physiotherapeuten f\u00fcr Patienten.<\/b><\/p>\n<p>[\/et_pb_text][\/et_pb_column][et_pb_column type=&#8220;1_2&#8243; _builder_version=&#8220;3.25.3&#8243;][et_pb_image src=&#8220;https:\/\/www.physio-in-witten.de\/wp-content\/uploads\/2019\/09\/logo-privatpreise.jpg&#8220; url=&#8220;https:\/\/www.privatpreise.de\/&#8220; url_new_window=&#8220;on&#8220; align=&#8220;center&#8220; _builder_version=&#8220;3.25.3&#8243; width=&#8220;64%&#8220; custom_margin=&#8220;-1px||7px|||&#8220; custom_padding=&#8220;53px||0px|||&#8220;][\/et_pb_image][\/et_pb_column][\/et_pb_row][\/et_pb_section]<\/p>\n","protected":false},"excerpt":{"rendered":"<p>DOWNLOAD PRAXIS-FLYER&nbsp; &nbsp; Laden Sie sich hier unseren Praxis-Flyer als PDF-Dokument herunter. Sie finden hier alle Kontaktdaten und alle Leistungen unserer Praxis \u2013 kompakt auf einen Blick. Kann man auch ganz praktisch mal an Freunde und Verwandte versenden.Patienteninformationen des IFK Hier finden Sie weiterf\u00fchrende Informationen des Bundesverbandes selbstst\u00e4ndiger Physiotherapeuten f\u00fcr Patienten.Privatpreise Hier finden Sie weiterf\u00fchrende [&hellip;]<\/p>\n","protected":false},"author":1,"featured_media":0,"parent":0,"menu_order":0,"comment_status":"closed","ping_status":"closed","template":"","meta":{"_et_pb_use_builder":"on","_et_pb_old_content":"","_et_gb_content_width":"","footnotes":""},"class_list":["post-24","page","type-page","status-publish","hentry"],"_links":{"self":[{"href":"https:\/\/www.physio-in-witten.de\/index.php\/wp-json\/wp\/v2\/pages\/24","targetHints":{"allow":["GET"]}}],"collection":[{"href":"https:\/\/www.physio-in-witten.de\/index.php\/wp-json\/wp\/v2\/pages"}],"about":[{"href":"https:\/\/www.physio-in-witten.de\/index.php\/wp-json\/wp\/v2\/types\/page"}],"author":[{"embeddable":true,"href":"https:\/\/www.physio-in-witten.de\/index.php\/wp-json\/wp\/v2\/users\/1"}],"replies":[{"embeddable":true,"href":"https:\/\/www.physio-in-witten.de\/index.php\/wp-json\/wp\/v2\/comments?post=24"}],"version-history":[{"count":24,"href":"https:\/\/www.physio-in-witten.de\/index.php\/wp-json\/wp\/v2\/pages\/24\/revisions"}],"predecessor-version":[{"id":522,"href":"https:\/\/www.physio-in-witten.de\/index.php\/wp-json\/wp\/v2\/pages\/24\/revisions\/522"}],"wp:attachment":[{"href":"https:\/\/www.physio-in-witten.de\/index.php\/wp-json\/wp\/v2\/media?parent=24"}],"curies":[{"name":"wp","href":"https:\/\/api.w.org\/{rel}","templated":true}]}}