{"id":27,"date":"2019-07-04T18:30:16","date_gmt":"2019-07-04T18:30:16","guid":{"rendered":"https:\/\/www.physio-in-witten.de\/?page_id=27"},"modified":"2019-09-19T15:35:35","modified_gmt":"2019-09-19T15:35:35","slug":"kontakt","status":"publish","type":"page","link":"https:\/\/www.physio-in-witten.de\/index.php\/kontakt\/","title":{"rendered":"Kontakt"},"content":{"rendered":"<p>[et_pb_section fb_built=&#8220;1&#8243; fullwidth=&#8220;on&#8220; _builder_version=&#8220;3.25.3&#8243; locked=&#8220;off&#8220;][et_pb_fullwidth_image src=&#8220;https:\/\/www.physio-in-witten.de\/wp-content\/uploads\/2019\/09\/Header_NEU_Kontakt.jpg&#8220; _builder_version=&#8220;3.25.3&#8243;][\/et_pb_fullwidth_image][\/et_pb_section][et_pb_section fb_built=&#8220;1&#8243; fullwidth=&#8220;on&#8220; _builder_version=&#8220;3.25.3&#8243;][et_pb_fullwidth_header title=&#8220;Haben Sie Fragen oder Anregungen f\u00fcr uns?&#8220; subhead=&#8220;BITTE BEACHTEN SIE:&#8220; text_orientation=&#8220;center&#8220; _builder_version=&#8220;3.25.3&#8243; title_font=&#8220;||||||||&#8220; title_font_size=&#8220;36px&#8220; content_font=&#8220;||||||||&#8220; content_font_size=&#8220;20px&#8220; subhead_font=&#8220;||on||||||&#8220; subhead_text_color=&#8220;#ffffff&#8220; subhead_font_size=&#8220;25px&#8220; subhead_line_height=&#8220;1.6em&#8220; background_color=&#8220;#661617&#8243; custom_padding=&#8220;1px||40px|||&#8220;]<\/p>\n<p>Terminverabredungen oder Terminverschiebungen k\u00f6nnen wir ausschlie\u00dflich per Telefon vornehmen!<\/p>\n<p>Teilen Sie uns bitte auch Absagen IMMER telefonisch mit!<\/p>\n<p>[\/et_pb_fullwidth_header][\/et_pb_section][et_pb_section fb_built=&#8220;1&#8243; _builder_version=&#8220;3.25.3&#8243; custom_padding=&#8220;||2px|||&#8220;][et_pb_row _builder_version=&#8220;3.25.3&#8243;][et_pb_column type=&#8220;4_4&#8243; _builder_version=&#8220;3.25.3&#8243;][et_pb_contact_form email=&#8220;claudiahardt@gmx.net&#8220; success_message=&#8220;Vielen Dank, Ihre Nachricht an die Praxis f\u00fcr Physiotherapie wurde erfolgreich \u00fcbermittelt.&#8220; _builder_version=&#8220;3.25.3&#8243;][et_pb_contact_field field_id=&#8220;Name&#8220; field_title=&#8220;Name&#8220; _builder_version=&#8220;3.16&#8243; border_radii=&#8220;on||||&#8220; button_text_size__hover_enabled=&#8220;off&#8220; button_one_text_size__hover_enabled=&#8220;off&#8220; button_two_text_size__hover_enabled=&#8220;off&#8220; button_text_color__hover_enabled=&#8220;off&#8220; button_one_text_color__hover_enabled=&#8220;off&#8220; button_two_text_color__hover_enabled=&#8220;off&#8220; button_border_width__hover_enabled=&#8220;off&#8220; button_one_border_width__hover_enabled=&#8220;off&#8220; button_two_border_width__hover_enabled=&#8220;off&#8220; button_border_color__hover_enabled=&#8220;off&#8220; button_one_border_color__hover_enabled=&#8220;off&#8220; button_two_border_color__hover_enabled=&#8220;off&#8220; button_border_radius__hover_enabled=&#8220;off&#8220; button_one_border_radius__hover_enabled=&#8220;off&#8220; button_two_border_radius__hover_enabled=&#8220;off&#8220; button_letter_spacing__hover_enabled=&#8220;off&#8220; button_one_letter_spacing__hover_enabled=&#8220;off&#8220; button_two_letter_spacing__hover_enabled=&#8220;off&#8220; button_bg_color__hover_enabled=&#8220;off&#8220; button_one_bg_color__hover_enabled=&#8220;off&#8220; button_two_bg_color__hover_enabled=&#8220;off&#8220;][\/et_pb_contact_field][et_pb_contact_field field_id=&#8220;Email&#8220; field_title=&#8220;E-Mail-Adresse&#8220; field_type=&#8220;email&#8220; _builder_version=&#8220;3.16&#8243; border_radii=&#8220;on||||&#8220; button_text_size__hover_enabled=&#8220;off&#8220; button_one_text_size__hover_enabled=&#8220;off&#8220; button_two_text_size__hover_enabled=&#8220;off&#8220; button_text_color__hover_enabled=&#8220;off&#8220; button_one_text_color__hover_enabled=&#8220;off&#8220; button_two_text_color__hover_enabled=&#8220;off&#8220; button_border_width__hover_enabled=&#8220;off&#8220; button_one_border_width__hover_enabled=&#8220;off&#8220; button_two_border_width__hover_enabled=&#8220;off&#8220; button_border_color__hover_enabled=&#8220;off&#8220; button_one_border_color__hover_enabled=&#8220;off&#8220; button_two_border_color__hover_enabled=&#8220;off&#8220; button_border_radius__hover_enabled=&#8220;off&#8220; button_one_border_radius__hover_enabled=&#8220;off&#8220; button_two_border_radius__hover_enabled=&#8220;off&#8220; button_letter_spacing__hover_enabled=&#8220;off&#8220; button_one_letter_spacing__hover_enabled=&#8220;off&#8220; button_two_letter_spacing__hover_enabled=&#8220;off&#8220; button_bg_color__hover_enabled=&#8220;off&#8220; button_one_bg_color__hover_enabled=&#8220;off&#8220; button_two_bg_color__hover_enabled=&#8220;off&#8220;][\/et_pb_contact_field][et_pb_contact_field field_id=&#8220;Message&#8220; field_title=&#8220;Nachricht&#8220; field_type=&#8220;text&#8220; fullwidth_field=&#8220;on&#8220; _builder_version=&#8220;3.16&#8243; border_radii=&#8220;on||||&#8220; button_text_size__hover_enabled=&#8220;off&#8220; button_one_text_size__hover_enabled=&#8220;off&#8220; button_two_text_size__hover_enabled=&#8220;off&#8220; button_text_color__hover_enabled=&#8220;off&#8220; button_one_text_color__hover_enabled=&#8220;off&#8220; button_two_text_color__hover_enabled=&#8220;off&#8220; button_border_width__hover_enabled=&#8220;off&#8220; button_one_border_width__hover_enabled=&#8220;off&#8220; button_two_border_width__hover_enabled=&#8220;off&#8220; button_border_color__hover_enabled=&#8220;off&#8220; button_one_border_color__hover_enabled=&#8220;off&#8220; button_two_border_color__hover_enabled=&#8220;off&#8220; button_border_radius__hover_enabled=&#8220;off&#8220; button_one_border_radius__hover_enabled=&#8220;off&#8220; button_two_border_radius__hover_enabled=&#8220;off&#8220; button_letter_spacing__hover_enabled=&#8220;off&#8220; button_one_letter_spacing__hover_enabled=&#8220;off&#8220; button_two_letter_spacing__hover_enabled=&#8220;off&#8220; button_bg_color__hover_enabled=&#8220;off&#8220; button_one_bg_color__hover_enabled=&#8220;off&#8220; button_two_bg_color__hover_enabled=&#8220;off&#8220;][\/et_pb_contact_field][\/et_pb_contact_form][\/et_pb_column][\/et_pb_row][\/et_pb_section][et_pb_section fb_built=&#8220;1&#8243; _builder_version=&#8220;3.25.3&#8243; background_color=&#8220;#cadb2a&#8220; min_height=&#8220;436px&#8220; custom_padding=&#8220;||0px|||&#8220;][et_pb_row column_structure=&#8220;3_5,2_5&#8243; _builder_version=&#8220;3.25.3&#8243;][et_pb_column type=&#8220;3_5&#8243; _builder_version=&#8220;3.25.3&#8243;][et_pb_text _builder_version=&#8220;3.25.3&#8243; text_font=&#8220;||||||||&#8220; text_text_align=&#8220;center&#8220; text_text_color=&#8220;#661617&#8243; text_font_size=&#8220;25px&#8220;]<\/p>\n<p style=\"text-align: center;\"><strong>Unsere Postanschrift:<\/strong><\/p>\n<p style=\"text-align: center;\">Praxis f\u00fcr Physiotherapie Deichmann-Hardt<\/p>\n<p style=\"text-align: center;\">K\u00f6rnerstra\u00dfe 6<\/p>\n<p style=\"text-align: center;\">58452 Witten<\/p>\n<p style=\"text-align: center;\">Tel.: 02302 &#8211; 70 73 540<\/p>\n<p style=\"text-align: center;\">FAX: 02302 &#8211; 70 73 541<\/p>\n<p style=\"text-align: center;\"><strong>Der Zugang zu unserer Praxis geschieht<\/strong><\/p>\n<p style=\"text-align: center;\"><strong>\u00fcber die Wiesenstra\u00dfe 7- 9.<\/strong><\/p>\n<p>[\/et_pb_text][\/et_pb_column][et_pb_column type=&#8220;2_5&#8243; _builder_version=&#8220;3.25.3&#8243;][et_pb_image src=&#8220;https:\/\/www.physio-in-witten.de\/wp-content\/uploads\/2019\/09\/Karte.png&#8220; _builder_version=&#8220;3.25.3&#8243;][\/et_pb_image][\/et_pb_column][\/et_pb_row][\/et_pb_section][et_pb_section fb_built=&#8220;1&#8243; _builder_version=&#8220;3.25.3&#8243; background_color=&#8220;#661617&#8243;][et_pb_row column_structure=&#8220;3_4,1_4&#8243; _builder_version=&#8220;3.25.3&#8243;][et_pb_column type=&#8220;3_4&#8243; _builder_version=&#8220;3.25.3&#8243;][et_pb_text _builder_version=&#8220;3.25.3&#8243; text_font=&#8220;|800|||||||&#8220; text_text_color=&#8220;#ffffff&#8220; text_font_size=&#8220;25px&#8220; custom_margin=&#8220;||72px|||&#8220; custom_padding=&#8220;103px|||||&#8220; link_option_url=&#8220;https:\/\/www.google.de\/maps\/place\/Praxis+f%C3%BCr+Physiotherapie+Claudia+Deichmann+Hardt\/@51.4367471,7.3360224,19z\/data=!4m13!1m7!3m6!1s0x47b921f5be8cb0e3:0x29c976898670a3b5!2sK%C3%B6rnerstra%C3%9Fe+6,+58452+Witten!3b1!8m2!3d51.4367033!4d7.3362679!3m4!1s0x47b921f5be8cb0e3:0x43bdefe74cc20a81!8m2!3d51.4367033!4d7.3362679&#8243; link_option_url_new_window=&#8220;on&#8220;]<\/p>\n<p><strong>Lassen Sie sich bequem via Google Maps zu uns f\u00fchren.<\/strong><\/p>\n<p>[\/et_pb_text][\/et_pb_column][et_pb_column type=&#8220;1_4&#8243; _builder_version=&#8220;3.25.3&#8243;][et_pb_image src=&#8220;https:\/\/www.physio-in-witten.de\/wp-content\/uploads\/2019\/09\/1011px-GoogleMaps_logo.svg_.png&#8220; url=&#8220;https:\/\/www.google.de\/maps\/place\/Praxis+f%C3%BCr+Physiotherapie+Claudia+Deichmann+Hardt\/@51.4367471,7.3360224,19.17z\/data=!4m13!1m7!3m6!1s0x47b921f5be8cb0e3:0x29c976898670a3b5!2sK%C3%B6rnerstra%C3%9Fe+6,+58452+Witten!3b1!8m2!3d51.4367033!4d7.3362679!3m4!1s0x47b921f5be8cb0e3:0x43bdefe74cc20a81!8m2!3d51.4367033!4d7.3362679&#8243; _builder_version=&#8220;3.25.3&#8243;][\/et_pb_image][\/et_pb_column][\/et_pb_row][\/et_pb_section]<\/p>\n","protected":false},"excerpt":{"rendered":"<p>Terminverabredungen oder Terminverschiebungen k\u00f6nnen wir ausschlie\u00dflich per Telefon vornehmen! Teilen Sie uns bitte auch Absagen IMMER telefonisch mit!Unsere Postanschrift: Praxis f\u00fcr Physiotherapie Deichmann-Hardt K\u00f6rnerstra\u00dfe 6 58452 Witten Tel.: 02302 &#8211; 70 73 540 FAX: 02302 &#8211; 70 73 541 Der Zugang zu unserer Praxis geschieht \u00fcber die Wiesenstra\u00dfe 7- 9. Lassen Sie sich bequem via [&hellip;]<\/p>\n","protected":false},"author":1,"featured_media":0,"parent":0,"menu_order":0,"comment_status":"closed","ping_status":"closed","template":"","meta":{"_et_pb_use_builder":"on","_et_pb_old_content":"","_et_gb_content_width":"","footnotes":""},"class_list":["post-27","page","type-page","status-publish","hentry"],"_links":{"self":[{"href":"https:\/\/www.physio-in-witten.de\/index.php\/wp-json\/wp\/v2\/pages\/27","targetHints":{"allow":["GET"]}}],"collection":[{"href":"https:\/\/www.physio-in-witten.de\/index.php\/wp-json\/wp\/v2\/pages"}],"about":[{"href":"https:\/\/www.physio-in-witten.de\/index.php\/wp-json\/wp\/v2\/types\/page"}],"author":[{"embeddable":true,"href":"https:\/\/www.physio-in-witten.de\/index.php\/wp-json\/wp\/v2\/users\/1"}],"replies":[{"embeddable":true,"href":"https:\/\/www.physio-in-witten.de\/index.php\/wp-json\/wp\/v2\/comments?post=27"}],"version-history":[{"count":18,"href":"https:\/\/www.physio-in-witten.de\/index.php\/wp-json\/wp\/v2\/pages\/27\/revisions"}],"predecessor-version":[{"id":413,"href":"https:\/\/www.physio-in-witten.de\/index.php\/wp-json\/wp\/v2\/pages\/27\/revisions\/413"}],"wp:attachment":[{"href":"https:\/\/www.physio-in-witten.de\/index.php\/wp-json\/wp\/v2\/media?parent=27"}],"curies":[{"name":"wp","href":"https:\/\/api.w.org\/{rel}","templated":true}]}}